{"id":1483,"date":"2014-11-28T23:57:17","date_gmt":"2014-11-28T23:57:17","guid":{"rendered":"https:\/\/www.tamid.at\/?page_id=1483"},"modified":"2019-02-15T15:58:19","modified_gmt":"2019-02-15T15:58:19","slug":"tamd-hope-haus-in-jhapa-nepal","status":"publish","type":"page","link":"https:\/\/www.tamid.at\/?page_id=1483","title":{"rendered":"Haus"},"content":{"rendered":"<h3>f&uuml;r Tam\u00edd Nepal<\/h3>\n<p>Seit Ende Mai 2014 bauten wir am e\u00edgenen Haus f&uuml;r die Tam\u00edd Werkstatt.<\/p>\n<p>Finanziert wurde der Bau &#8211; wie das gesamte Projekt &#8211; durch die<\/p>\n<p>Verk&auml;ufe der in der Ausbildung entstehenden Produkte<\/p>\n<p>und durch Unterst&uuml;tzer, denen wir sehr dankbar sind.<\/p>\n<p><a href=\"https:\/\/www.tamid.at\/?page_id=1197\" target=\"_blank\" rel=\"noopener\">Spenden kann man hier.<\/a><\/p>\n<p>Das fertige Haus (April 2015) ist als letztes Bild unten zu sehen.<\/p>\n<p>Im Erdgescho&szlig; befinden sich die Werkst&auml;tten und Lagerr&auml;ume<\/p>\n<p>Im ersten Stock die Zimmer f&uuml;r die M&auml;dchen, die nicht in der N&auml;he wohnen und<\/p>\n<p>im obersten Stock hat sich \u201eunser\u201c Pastor eine Wohneinheit f&uuml;r die Familie gebaut.<\/p>\n<p><a href=\"https:\/\/www.tamid.at\/wp-content\/uploads\/2014\/11\/map.jpg\"><img loading=\"lazy\" class=\"alignleft wp-image-1526\" src=\"https:\/\/www.tamid.at\/wp-content\/uploads\/2014\/11\/map-1024x657.jpg\" alt=\"map\" width=\"800\" height=\"514\" srcset=\"https:\/\/www.tamid.at\/wp-content\/uploads\/2014\/11\/map-1024x657.jpg 1024w, https:\/\/www.tamid.at\/wp-content\/uploads\/2014\/11\/map-300x192.jpg 300w, https:\/\/www.tamid.at\/wp-content\/uploads\/2014\/11\/map.jpg 2045w\" sizes=\"(max-width: 800px) 100vw, 800px\" \/><\/a>Standort der Tam\u00edd Werkstatt in Jhapa, Nepal<\/p>\n<p><a href=\"https:\/\/www.tamid.at\/wp-content\/uploads\/2014\/11\/IMG_0417.jpg\"><img loading=\"lazy\" class=\"alignleft wp-image-1507\" src=\"https:\/\/www.tamid.at\/wp-content\/uploads\/2014\/11\/IMG_0417-300x224.jpg\" alt=\"IMG_0417\" width=\"800\" height=\"598\" srcset=\"https:\/\/www.tamid.at\/wp-content\/uploads\/2014\/11\/IMG_0417-300x224.jpg 300w, https:\/\/www.tamid.at\/wp-content\/uploads\/2014\/11\/IMG_0417-1024x764.jpg 1024w\" sizes=\"(max-width: 800px) 100vw, 800px\" \/><\/a>New Life Church, die Gemeinde<\/p>\n<p><a href=\"https:\/\/www.tamid.at\/wp-content\/uploads\/2014\/11\/IMG_0664.jpg\"><img loading=\"lazy\" class=\"alignleft wp-image-1501\" src=\"https:\/\/www.tamid.at\/wp-content\/uploads\/2014\/11\/IMG_0664-300x225.jpg\" alt=\"IMG_0664\" width=\"800\" height=\"600\" srcset=\"https:\/\/www.tamid.at\/wp-content\/uploads\/2014\/11\/IMG_0664-300x225.jpg 300w, https:\/\/www.tamid.at\/wp-content\/uploads\/2014\/11\/IMG_0664-1024x768.jpg 1024w, https:\/\/www.tamid.at\/wp-content\/uploads\/2014\/11\/IMG_0664.jpg 1600w\" sizes=\"(max-width: 800px) 100vw, 800px\" \/><\/a><\/p>\n<p>Fundamente im Mai 2014<\/p>\n<p><a href=\"https:\/\/www.tamid.at\/wp-content\/uploads\/2014\/11\/IMG_0820_2.jpg\"><img loading=\"lazy\" class=\"alignleft wp-image-1502\" src=\"https:\/\/www.tamid.at\/wp-content\/uploads\/2014\/11\/IMG_0820_2-300x225.jpg\" alt=\"IMG_0820_2\" width=\"800\" height=\"600\" srcset=\"https:\/\/www.tamid.at\/wp-content\/uploads\/2014\/11\/IMG_0820_2-300x225.jpg 300w, https:\/\/www.tamid.at\/wp-content\/uploads\/2014\/11\/IMG_0820_2-1024x768.jpg 1024w, https:\/\/www.tamid.at\/wp-content\/uploads\/2014\/11\/IMG_0820_2.jpg 1600w\" sizes=\"(max-width: 800px) 100vw, 800px\" \/><\/a><\/p>\n<p>&nbsp;<\/p>\n<p>die tragenden S&auml;ulen \u2026<\/p>\n<p><a href=\"https:\/\/www.tamid.at\/wp-content\/uploads\/2014\/11\/IMG_1028.jpg\"><img loading=\"lazy\" class=\"alignleft wp-image-1505\" src=\"https:\/\/www.tamid.at\/wp-content\/uploads\/2014\/11\/IMG_1028-300x225.jpg\" alt=\"IMG_1028\" width=\"800\" height=\"600\" srcset=\"https:\/\/www.tamid.at\/wp-content\/uploads\/2014\/11\/IMG_1028-300x225.jpg 300w, https:\/\/www.tamid.at\/wp-content\/uploads\/2014\/11\/IMG_1028-1024x768.jpg 1024w\" sizes=\"(max-width: 800px) 100vw, 800px\" \/><\/a><\/p>\n<p>\u2026 und die W&auml;nde entstehen.<\/p>\n<p><a href=\"https:\/\/www.tamid.at\/wp-content\/uploads\/2014\/11\/IMG_03981.jpg\"><img loading=\"lazy\" class=\"alignleft wp-image-1506\" src=\"https:\/\/www.tamid.at\/wp-content\/uploads\/2014\/11\/IMG_03981-300x224.jpg\" alt=\"IMG_0398\" width=\"800\" height=\"598\" srcset=\"https:\/\/www.tamid.at\/wp-content\/uploads\/2014\/11\/IMG_03981-300x224.jpg 300w, https:\/\/www.tamid.at\/wp-content\/uploads\/2014\/11\/IMG_03981-1024x764.jpg 1024w\" sizes=\"(max-width: 800px) 100vw, 800px\" \/><\/a>Zum Gie&szlig;en der Decke mit Bambus gep&ouml;lzt<\/p>\n<p><a href=\"https:\/\/www.tamid.at\/wp-content\/uploads\/2014\/11\/IMG_04391.jpg\"><img loading=\"lazy\" class=\"alignleft wp-image-1508\" src=\"https:\/\/www.tamid.at\/wp-content\/uploads\/2014\/11\/IMG_04391-300x224.jpg\" alt=\"IMG_0439\" width=\"800\" height=\"598\" srcset=\"https:\/\/www.tamid.at\/wp-content\/uploads\/2014\/11\/IMG_04391-300x224.jpg 300w, https:\/\/www.tamid.at\/wp-content\/uploads\/2014\/11\/IMG_04391-1024x764.jpg 1024w\" sizes=\"(max-width: 800px) 100vw, 800px\" \/><\/a><\/p>\n<p>Handgefertigte Baustahlgitter f&uuml;r die Gescho&szlig;decke<\/p>\n<p><a href=\"https:\/\/www.tamid.at\/wp-content\/uploads\/2014\/11\/IMG_0617.jpg\"><img loading=\"lazy\" class=\"alignleft wp-image-1500\" src=\"https:\/\/www.tamid.at\/wp-content\/uploads\/2014\/11\/IMG_0617-300x225.jpg\" alt=\"IMG_0617\" width=\"800\" height=\"600\" srcset=\"https:\/\/www.tamid.at\/wp-content\/uploads\/2014\/11\/IMG_0617-300x225.jpg 300w, https:\/\/www.tamid.at\/wp-content\/uploads\/2014\/11\/IMG_0617-1024x768.jpg 1024w, https:\/\/www.tamid.at\/wp-content\/uploads\/2014\/11\/IMG_0617.jpg 1600w\" sizes=\"(max-width: 800px) 100vw, 800px\" \/><\/a><\/p>\n<p>50kg Zement! Starke Frauen arbeiten hart\u2026<\/p>\n<p><a href=\"https:\/\/www.tamid.at\/wp-content\/uploads\/2014\/11\/strongwoman.jpg\"><img loading=\"lazy\" class=\"alignleft wp-image-1530\" src=\"https:\/\/www.tamid.at\/wp-content\/uploads\/2014\/11\/strongwoman-300x225.jpg\" alt=\"strongwoman\" width=\"800\" height=\"600\" srcset=\"https:\/\/www.tamid.at\/wp-content\/uploads\/2014\/11\/strongwoman-300x225.jpg 300w, https:\/\/www.tamid.at\/wp-content\/uploads\/2014\/11\/strongwoman-1024x768.jpg 1024w\" sizes=\"(max-width: 800px) 100vw, 800px\" \/><\/a>\u2013 und schleppen auch den Beton\u2026<\/p>\n<p><a href=\"https:\/\/www.tamid.at\/wp-content\/uploads\/2014\/11\/roof.jpg\"><img loading=\"lazy\" class=\"alignleft wp-image-1528\" src=\"https:\/\/www.tamid.at\/wp-content\/uploads\/2014\/11\/roof-300x225.jpg\" alt=\"roof\" width=\"800\" height=\"600\" srcset=\"https:\/\/www.tamid.at\/wp-content\/uploads\/2014\/11\/roof-300x225.jpg 300w, https:\/\/www.tamid.at\/wp-content\/uploads\/2014\/11\/roof-1024x768.jpg 1024w\" sizes=\"(max-width: 800px) 100vw, 800px\" \/><\/a><\/p>\n<p>\u2026f&uuml;r den Deckenguss!<\/p>\n<p><a href=\"https:\/\/www.tamid.at\/wp-content\/uploads\/2014\/11\/evenroof.jpg\"><img loading=\"lazy\" class=\"alignleft wp-image-1524\" src=\"https:\/\/www.tamid.at\/wp-content\/uploads\/2014\/11\/evenroof-300x225.jpg\" alt=\"evenroof\" width=\"800\" height=\"600\" srcset=\"https:\/\/www.tamid.at\/wp-content\/uploads\/2014\/11\/evenroof-300x225.jpg 300w, https:\/\/www.tamid.at\/wp-content\/uploads\/2014\/11\/evenroof-1024x768.jpg 1024w\" sizes=\"(max-width: 800px) 100vw, 800px\" \/><\/a><\/p>\n<p>Eine Woche sp&auml;ter:<\/p>\n<p>Schalungen weg und das Verputzen beginnt\u2026<\/p>\n<p><a href=\"https:\/\/www.tamid.at\/wp-content\/uploads\/2014\/11\/west2.jpg\"><img loading=\"lazy\" class=\"alignleft wp-image-1534\" src=\"https:\/\/www.tamid.at\/wp-content\/uploads\/2014\/11\/west2-300x225.jpg\" alt=\"west2\" width=\"800\" height=\"600\" srcset=\"https:\/\/www.tamid.at\/wp-content\/uploads\/2014\/11\/west2-300x225.jpg 300w, https:\/\/www.tamid.at\/wp-content\/uploads\/2014\/11\/west2-1024x768.jpg 1024w\" sizes=\"(max-width: 800px) 100vw, 800px\" \/><\/a><\/p>\n<p>\u2026und die Eingangsseite im Westen<br \/>\n<img loading=\"lazy\" class=\"alignleft wp-image-1573\" src=\"https:\/\/www.tamid.at\/wp-content\/uploads\/2014\/11\/20150104-1-1024x768.jpg\" alt=\"20150104-1\" width=\"640\" height=\"480\" srcset=\"https:\/\/www.tamid.at\/wp-content\/uploads\/2014\/11\/20150104-1-1024x768.jpg 1024w, https:\/\/www.tamid.at\/wp-content\/uploads\/2014\/11\/20150104-1-300x225.jpg 300w\" sizes=\"(max-width: 640px) 100vw, 640px\" \/><img loading=\"lazy\" class=\"alignleft wp-image-1579\" src=\"https:\/\/www.tamid.at\/wp-content\/uploads\/2014\/11\/20150107-2-1024x768.jpg\" alt=\"20150107-2\" width=\"640\" height=\"480\" srcset=\"https:\/\/www.tamid.at\/wp-content\/uploads\/2014\/11\/20150107-2-1024x768.jpg 1024w, https:\/\/www.tamid.at\/wp-content\/uploads\/2014\/11\/20150107-2-300x225.jpg 300w\" sizes=\"(max-width: 640px) 100vw, 640px\" \/><\/p>\n<p><img loading=\"lazy\" class=\"alignleft wp-image-1805\" src=\"https:\/\/www.tamid.at\/wp-content\/uploads\/2014\/11\/house2017-1024x768.jpg\" alt=\"house2017\" width=\"637\" height=\"463\" \/><\/p>\n<p>&nbsp;<\/p>\n","protected":false},"excerpt":{"rendered":"<p>f&uuml;r Tam\u00edd Nepal Seit Ende Mai 2014 bauten wir am e\u00edgenen Haus f&uuml;r die Tam\u00edd Werkstatt. Finanziert wurde der Bau &#8211; wie das gesamte Projekt &#8211; durch die Verk&auml;ufe der in der Ausbildung entstehenden Produkte und durch Unterst&uuml;tzer, denen wir sehr dankbar sind. Spenden kann man hier. Das fertige Haus (April 2015) ist als letztes [&hellip;]<\/p>\n","protected":false},"author":2,"featured_media":0,"parent":0,"menu_order":0,"comment_status":"closed","ping_status":"closed","template":"","meta":[],"_links":{"self":[{"href":"https:\/\/www.tamid.at\/index.php?rest_route=\/wp\/v2\/pages\/1483"}],"collection":[{"href":"https:\/\/www.tamid.at\/index.php?rest_route=\/wp\/v2\/pages"}],"about":[{"href":"https:\/\/www.tamid.at\/index.php?rest_route=\/wp\/v2\/types\/page"}],"author":[{"embeddable":true,"href":"https:\/\/www.tamid.at\/index.php?rest_route=\/wp\/v2\/users\/2"}],"replies":[{"embeddable":true,"href":"https:\/\/www.tamid.at\/index.php?rest_route=%2Fwp%2Fv2%2Fcomments&post=1483"}],"version-history":[{"count":32,"href":"https:\/\/www.tamid.at\/index.php?rest_route=\/wp\/v2\/pages\/1483\/revisions"}],"predecessor-version":[{"id":1971,"href":"https:\/\/www.tamid.at\/index.php?rest_route=\/wp\/v2\/pages\/1483\/revisions\/1971"}],"wp:attachment":[{"href":"https:\/\/www.tamid.at\/index.php?rest_route=%2Fwp%2Fv2%2Fmedia&parent=1483"}],"curies":[{"name":"wp","href":"https:\/\/api.w.org\/{rel}","templated":true}]}}