{"id":608,"date":"2012-08-15T19:20:56","date_gmt":"2012-08-15T19:20:56","guid":{"rendered":"https:\/\/www.tamid.at\/?page_id=608"},"modified":"2013-01-06T21:05:53","modified_gmt":"2013-01-06T21:05:53","slug":"608-2","status":"publish","type":"page","link":"https:\/\/www.tamid.at\/?page_id=608","title":{"rendered":"Fotos, Medien, Berichte, \u2026"},"content":{"rendered":"<p><strong>WEARFAIR 2012<\/strong><\/p>\n<p><a href=\"https:\/\/www.tamid.at\/wp-content\/uploads\/2012\/08\/DSC_36392.jpg\"><img loading=\"lazy\" class=\"alignnone  wp-image-766\" title=\"winner\/upcyclingaward\" src=\"https:\/\/www.tamid.at\/wp-content\/uploads\/2012\/08\/DSC_36392.jpg\" alt=\"\" width=\"553\" height=\"367\" \/><\/a><\/p>\n<p>Hey! Wir haben tats&auml;chlich gewonnen!<\/p>\n<p>&nbsp;<\/p>\n<p><a href=\"https:\/\/www.tamid.at\/wp-content\/uploads\/2012\/08\/upcycling.jpg\"><img loading=\"lazy\" class=\"alignnone  wp-image-1096\" title=\"upcycling\" src=\"https:\/\/www.tamid.at\/wp-content\/uploads\/2012\/08\/upcycling.jpg\" alt=\"\" width=\"540\" height=\"360\" srcset=\"https:\/\/www.tamid.at\/wp-content\/uploads\/2012\/08\/upcycling.jpg 900w, https:\/\/www.tamid.at\/wp-content\/uploads\/2012\/08\/upcycling-300x200.jpg 300w\" sizes=\"(max-width: 540px) 100vw, 540px\" \/><\/a><\/p>\n<p>TAM\u00cdD erh&auml;lt den Award<\/p>\n<p><a href=\"http:\/\/www.nachrichten.at\/nachrichten\/videos\/sts11308,3706\" target=\"_blank\">Videobericht der O&Ouml; Nachrichten &uuml;ber die wearfair und den upcycling award<\/a><\/p>\n<p><a href=\"https:\/\/www.youtube.com\/watch?v=RywOrO0ghK0&amp;feature=plcp\" target=\"_blank\">Videoclip der Modenschau wearfair 2012<\/a><\/p>\n<p>&nbsp;<\/p>\n<p><strong>ARTCROSS 2012 , Bad Leonfelden<\/strong><\/p>\n<p><a href=\"https:\/\/www.tamid.at\/?attachment_id=614\" rel=\"attachment wp-att-614\"><img loading=\"lazy\" class=\"alignnone  wp-image-614\" title=\"artcross b&uuml;hne\" src=\"https:\/\/www.tamid.at\/wp-content\/uploads\/2012\/08\/artcross-b&uuml;hne-1024x764.jpg\" alt=\"\" width=\"567\" height=\"424\" \/><\/a><\/p>\n<p>die Workshop-Leiterinnen und -leiter 2012, \u2026 und<strong> 4 Tam\u00edd-R&ouml;cke!<\/strong><\/p>\n<p>&nbsp;<\/p>\n<p><a href=\"https:\/\/www.tamid.at\/wp-content\/uploads\/2012\/08\/artcross-ladies1.jpg\"><img loading=\"lazy\" class=\"alignnone  wp-image-985\" title=\"artcross ladies\" src=\"https:\/\/www.tamid.at\/wp-content\/uploads\/2012\/08\/artcross-ladies1-1024x354.jpg\" alt=\"\" width=\"553\" height=\"191\" srcset=\"https:\/\/www.tamid.at\/wp-content\/uploads\/2012\/08\/artcross-ladies1-1024x354.jpg 1024w, https:\/\/www.tamid.at\/wp-content\/uploads\/2012\/08\/artcross-ladies1-300x103.jpg 300w, https:\/\/www.tamid.at\/wp-content\/uploads\/2012\/08\/artcross-ladies1.jpg 1200w\" sizes=\"(max-width: 553px) 100vw, 553px\" \/><\/a><\/p>\n<p>Ein Teil der neuen TAM\u00cdD-Tr&auml;gerinnen.<strong> FRONTAL. EINMALIG. TAM\u00cdD.<\/strong><\/p>\n<p>&nbsp;<\/p>\n<p><a href=\"https:\/\/www.tamid.at\/wp-content\/uploads\/2012\/08\/m&auml;dls.jpg\"><img loading=\"lazy\" class=\"alignnone  wp-image-986\" title=\"m&auml;dls\" src=\"https:\/\/www.tamid.at\/wp-content\/uploads\/2012\/08\/m&auml;dls.jpg\" alt=\"\" width=\"298\" height=\"448\" srcset=\"https:\/\/www.tamid.at\/wp-content\/uploads\/2012\/08\/m&auml;dls.jpg 426w, https:\/\/www.tamid.at\/wp-content\/uploads\/2012\/08\/m&auml;dls-199x300.jpg 199w\" sizes=\"(max-width: 298px) 100vw, 298px\" \/><\/a><\/p>\n<p>Danke, M&auml;dels!<\/p>\n<p>&nbsp;<\/p>\n","protected":false},"excerpt":{"rendered":"<p>WEARFAIR 2012 Hey! Wir haben tats&auml;chlich gewonnen! &nbsp; TAM\u00cdD erh&auml;lt den Award Videobericht der O&Ouml; Nachrichten &uuml;ber die wearfair und den upcycling award Videoclip der Modenschau wearfair 2012 &nbsp; ARTCROSS 2012 , Bad Leonfelden die Workshop-Leiterinnen und -leiter 2012, \u2026 und 4 Tam\u00edd-R&ouml;cke! &nbsp; Ein Teil der neuen TAM\u00cdD-Tr&auml;gerinnen. FRONTAL. EINMALIG. TAM\u00cdD. &nbsp; Danke, M&auml;dels! [&hellip;]<\/p>\n","protected":false},"author":2,"featured_media":0,"parent":852,"menu_order":2,"comment_status":"closed","ping_status":"closed","template":"","meta":[],"_links":{"self":[{"href":"https:\/\/www.tamid.at\/index.php?rest_route=\/wp\/v2\/pages\/608"}],"collection":[{"href":"https:\/\/www.tamid.at\/index.php?rest_route=\/wp\/v2\/pages"}],"about":[{"href":"https:\/\/www.tamid.at\/index.php?rest_route=\/wp\/v2\/types\/page"}],"author":[{"embeddable":true,"href":"https:\/\/www.tamid.at\/index.php?rest_route=\/wp\/v2\/users\/2"}],"replies":[{"embeddable":true,"href":"https:\/\/www.tamid.at\/index.php?rest_route=%2Fwp%2Fv2%2Fcomments&post=608"}],"version-history":[{"count":29,"href":"https:\/\/www.tamid.at\/index.php?rest_route=\/wp\/v2\/pages\/608\/revisions"}],"predecessor-version":[{"id":610,"href":"https:\/\/www.tamid.at\/index.php?rest_route=\/wp\/v2\/pages\/608\/revisions\/610"}],"up":[{"embeddable":true,"href":"https:\/\/www.tamid.at\/index.php?rest_route=\/wp\/v2\/pages\/852"}],"wp:attachment":[{"href":"https:\/\/www.tamid.at\/index.php?rest_route=%2Fwp%2Fv2%2Fmedia&parent=608"}],"curies":[{"name":"wp","href":"https:\/\/api.w.org\/{rel}","templated":true}]}}